{"id":67,"date":"2025-01-02T19:03:26","date_gmt":"2025-01-02T22:03:26","guid":{"rendered":"https:\/\/radiotaisso.com.br\/play\/?page_id=67"},"modified":"2025-01-09T11:34:55","modified_gmt":"2025-01-09T14:34:55","slug":"associacoes","status":"publish","type":"page","link":"https:\/\/radiotaisso.com.br\/play\/index.php\/associacoes\/","title":{"rendered":"Associa\u00e7\u00f5es"},"content":{"rendered":"\n<p><br>Confira a seguir as associa\u00e7\u00f5es de R\u00e1dio Taiss\u00f4, locais e hor\u00e1rios:<br><br><\/p>\n\n\n\n<figure class=\"wp-block-table is-style-stripes has-small-font-size\"><table class=\"has-fixed-layout\"><thead><tr><th>Associa\u00e7\u00e3o<\/th><th>Local<\/th><th>Hor\u00e1rio<\/th><\/tr><\/thead><tbody><tr><td>LIBERDADE<\/td><td>PRA\u00c7A DA LIBERDADE<\/td><td>6:20\/7:00<\/td><\/tr><tr><td>ITAQUERA<\/td><td>RUA KEN SUGAYA,363<\/td><td>7:00\/8:00<\/td><\/tr><tr><td>VILA MORAES<\/td><td>AV. DO CURSINO 3331<\/td><td>6:30\/7:10<\/td><\/tr><tr><td>VILA CARR\u00c3O<\/td><td>PRA\u00c7A HAROLDO DALTRO<\/td><td>6:30\/7:00<\/td><\/tr><tr><td>ACLIMA\u00c7\u00c3O<\/td><td>PARQUE DA ACLIMA\u00c7\u00c3O<\/td><td>6:30\/7:00<\/td><\/tr><tr><td>TR\u00caS COROAS<\/td><td>RUA JAPARAIQUARA, 696<\/td><td>8:00\/8:30<\/td><\/tr><tr><td>SA\u00daDE BUNKYO 1<\/td><td>RUA PIERRE CURIE 286<\/td><td>7:30\/8:00<\/td><\/tr><tr><td>SA\u00daDE BUNKYO 2<\/td><td>PRA\u00c7A FLAVIO XAVIER DE TOLEDO<\/td><td>7:15\/7:40<\/td><\/tr><tr><td>MOGI DAS CRUZES<\/td><td>AV. JARDELINA LOPES ALMEIDA 907<\/td><td>8:00\/8:50<\/td><\/tr><tr><td>CONJUNTO SA\u00daDE<\/td><td>RUA FIA\u00c7\u00c3O DA SA\u00daDE 194<\/td><td>8:00\/9:00<\/td><\/tr><tr><td>CONCEI\u00c7\u00c3O<\/td><td>PRA\u00c7A HATIRO MIYAZAKI<\/td><td>7:30\/8:00<\/td><\/tr><tr><td>VILA NOVA CACHOEIRINHA<\/td><td>RUA JO\u00c3O MARCELINO BRANCO, 93<\/td><td>6:00\/6:40<\/td><\/tr><tr><td>JARDIM TREMEMB\u00c9<\/td><td>SUPERMERCADOS OURINHOS<\/td><td>6:15\/7:00<\/td><\/tr><tr><td>PRA\u00c7A DA ARVORE<\/td><td>P\u00c7A. PROF. AM\u00c9RICO PORTUGAL GOUVEIA<\/td><td>7:00\/7:30<\/td><\/tr><tr><td>PRESIDENTE VENCESLAU<\/td><td>RUA ALMIRANTE BARROSO,21 AREA-S.P.<\/td><td>6:30\/7:00<\/td><\/tr><tr><td>REGISTRO<\/td><td>RUA NAKATSU GAWA,165 S.P.<\/td><td>6:00\/6:30<\/td><\/tr><tr><td>CIDADE PATRIARCA<\/td><td>RUA TRAPICHE, 182<\/td><td>7:00\/8:00<\/td><\/tr><tr><td>VILA MATILDE<\/td><td>RUA ANTONIO JUVENAL, 441<\/td><td>7:00\/8:00<\/td><\/tr><tr><td>PARQUE TRIANON<\/td><td>AV. PAULISTA \u2013PARQUE TRIANON<\/td><td>7:00\/7:30<\/td><\/tr><tr><td>BOSQUE MAIA &#8211; GUARULHOS<\/td><td>AV. PAULO FACCINI, S\/N<\/td><td>9:00\/9:21<\/td><\/tr><tr><td>VILA PRUDENTE<\/td><td>AV. FRANCISCO FALCONI, S\/N<\/td><td>7:00\/7:30<\/td><\/tr><tr><td>S\u00c3O JUDAS<\/td><td>PRA\u00c7A WHITAKER PENTEADO<\/td><td>7:00\/8:00<\/td><\/tr><tr><td>PRA\u00c7A ROTARY<\/td><td>RUA GAL. JARDIM 450<\/td><td>7:30\/8:00<\/td><\/tr><tr><td>VILA DAS MERC\u00caS<\/td><td>RUA N. S. DAS MERC\u00caS, 1848<\/td><td>7:15\/7:45<\/td><\/tr><tr><td>PRA\u00c7A DA REP\u00daBLICA<\/td><td>PRA\u00c7A DA REP\u00daBLICA<\/td><td>7:30\/8:00<\/td><\/tr><tr><td>CRAVEIRO LOPES<\/td><td>VIADUTO JACARE\u00cd , 100<\/td><td>8:30\/9:00<\/td><\/tr><tr><td>VISCONDE DO RIO BRANCO<\/td><td>RUA MATILDE CAMPOS, 88<\/td><td>7:00\/8:00<\/td><\/tr><tr><td>NIPPON COUNTRY CLUB<\/td><td>NIPPON COUNTRY CLUB \u2013 TODO DOMINGO<\/td><td>9:00\/10:00<\/td><\/tr><tr><td>PRA\u00c7A DO BR\u00c1S<\/td><td>RUA PIRATININGA, 365<\/td><td>8:00\/9:00<\/td><\/tr><tr><td>CASA VERDE<\/td><td>ASSOCIA\u00c7\u00c3O OKINAWA DA CASA VERDE<\/td><td>6:15\/7:15<\/td><\/tr><tr><td>SA\u00daDE HIROTA<\/td><td>RUA DAS ROSAS, 86- SHIMANE KENJIN<\/td><td>8:00\/9:00<\/td><\/tr><tr><td>CAMPO LIMPO ZONA NORTE<\/td><td>RUA SIM\u00c3O DE ABREU, 63<\/td><td>7:00\/8:00<\/td><\/tr><tr><td>LAGO DOS PATOS\/GUARULHOS<\/td><td>RUA NOSSA SENHORA DE LOURDES, 840<\/td><td>7:00\/7:21<\/td><\/tr><tr><td>MARTINOPOLIS<\/td><td>R. MARTINS FIGUEIRA,426 &#8211; S.P<\/td><td>6:30\/7:00<\/td><\/tr><tr><td>ALTO TIET\u00ca \u2013 MOGI<\/td><td>RUA PADRE EUST\u00c1QUIO, 115<\/td><td>7:20\/8:00<\/td><\/tr><tr><td>CIDADE MORENA &#8211; M.S.<\/td><td>PQ. BELMAR FIDALGO \u2013 C. GRANDE M.S.<\/td><td>7:00\/7:30<\/td><\/tr><tr><td>JABAQUARA<\/td><td>RUA DAS NHANDIROBAS, 388<\/td><td>7:00\/8:30<\/td><\/tr><tr><td>SANTA MONICA<\/td><td>CEI STA.MONICA \u2013 RUA STA.ALBINA S\/N<\/td><td>6:30\/7:30<\/td><\/tr><tr><td>QUINTAS DO MORUMBI<\/td><td>RUA FRANCISCO PRETO, 46 \u2013 V. MORSE<\/td><td>8:30\/9:30<\/td><\/tr><tr><td>PIAZZA D\u00b4SPAGNA<\/td><td>RUA DR. LUIZ ROCHA MIRANDA, 528<\/td><td>8:30\/9:00<\/td><\/tr><\/tbody><\/table><\/figure>\n\n\n\n<p><\/p>\n\n\n<\/p>\n<ul>\n<li><a href=\"http:\/\/radiotaisso.com.br\/play\/wp-content\/uploads\/2025\/01\/LISTA-DAS-ASSOCIACOES-FILIADAS-2024.pdf\" target=\"_blank\" rel=\"noopener\">Acesse Aqui<\/a> a Lista das Associa\u00e7\u00f5es Filiadas, em formato PDF.<\/li>\n<\/ul>\n\n\n<p><br><\/p>\n\n\n\n<figure class=\"wp-block-gallery has-nested-images columns-default is-cropped wp-block-gallery-1 is-layout-flex wp-block-gallery-is-layout-flex\">\n<figure data-wp-context=\"{&quot;imageId&quot;:&quot;69f182e601218&quot;}\" data-wp-interactive=\"core\/image\" data-wp-key=\"69f182e601218\" class=\"wp-block-image size-large wp-lightbox-container\"><img fetchpriority=\"high\" decoding=\"async\" width=\"960\" height=\"720\" data-wp-class--hide=\"state.isContentHidden\" data-wp-class--show=\"state.isContentVisible\" data-wp-init=\"callbacks.setButtonStyles\" data-wp-on--click=\"actions.showLightbox\" data-wp-on--load=\"callbacks.setButtonStyles\" data-wp-on-window--resize=\"callbacks.setButtonStyles\" data-id=\"79\" src=\"https:\/\/radiotaisso.com.br\/play\/wp-content\/uploads\/2025\/01\/469797394_876779774618007_6317275539392953758_n.jpg\" alt=\"\" class=\"wp-image-79\" srcset=\"https:\/\/radiotaisso.com.br\/play\/wp-content\/uploads\/2025\/01\/469797394_876779774618007_6317275539392953758_n.jpg 960w, https:\/\/radiotaisso.com.br\/play\/wp-content\/uploads\/2025\/01\/469797394_876779774618007_6317275539392953758_n-300x225.jpg 300w, https:\/\/radiotaisso.com.br\/play\/wp-content\/uploads\/2025\/01\/469797394_876779774618007_6317275539392953758_n-768x576.jpg 768w\" sizes=\"(max-width: 960px) 100vw, 960px\" \/><button\n\t\t\tclass=\"lightbox-trigger\"\n\t\t\ttype=\"button\"\n\t\t\taria-haspopup=\"dialog\"\n\t\t\taria-label=\"Enlarge\"\n\t\t\tdata-wp-init=\"callbacks.initTriggerButton\"\n\t\t\tdata-wp-on--click=\"actions.showLightbox\"\n\t\t\tdata-wp-style--right=\"state.imageButtonRight\"\n\t\t\tdata-wp-style--top=\"state.imageButtonTop\"\n\t\t>\n\t\t\t<svg xmlns=\"http:\/\/www.w3.org\/2000\/svg\" width=\"12\" height=\"12\" fill=\"none\" viewBox=\"0 0 12 12\">\n\t\t\t\t<path fill=\"#fff\" d=\"M2 0a2 2 0 0 0-2 2v2h1.5V2a.5.5 0 0 1 .5-.5h2V0H2Zm2 10.5H2a.5.5 0 0 1-.5-.5V8H0v2a2 2 0 0 0 2 2h2v-1.5ZM8 12v-1.5h2a.5.5 0 0 0 .5-.5V8H12v2a2 2 0 0 1-2 2H8Zm2-12a2 2 0 0 1 2 2v2h-1.5V2a.5.5 0 0 0-.5-.5H8V0h2Z\" \/>\n\t\t\t<\/svg>\n\t\t<\/button><\/figure>\n\n\n\n<figure data-wp-context=\"{&quot;imageId&quot;:&quot;69f182e601af8&quot;}\" data-wp-interactive=\"core\/image\" data-wp-key=\"69f182e601af8\" class=\"wp-block-image size-large wp-lightbox-container\"><img decoding=\"async\" width=\"960\" height=\"720\" data-wp-class--hide=\"state.isContentHidden\" data-wp-class--show=\"state.isContentVisible\" data-wp-init=\"callbacks.setButtonStyles\" data-wp-on--click=\"actions.showLightbox\" data-wp-on--load=\"callbacks.setButtonStyles\" data-wp-on-window--resize=\"callbacks.setButtonStyles\" data-id=\"80\" src=\"https:\/\/radiotaisso.com.br\/play\/wp-content\/uploads\/2025\/01\/469856936_876779701284681_265170771523619315_n.jpg\" alt=\"\" class=\"wp-image-80\" srcset=\"https:\/\/radiotaisso.com.br\/play\/wp-content\/uploads\/2025\/01\/469856936_876779701284681_265170771523619315_n.jpg 960w, https:\/\/radiotaisso.com.br\/play\/wp-content\/uploads\/2025\/01\/469856936_876779701284681_265170771523619315_n-300x225.jpg 300w, https:\/\/radiotaisso.com.br\/play\/wp-content\/uploads\/2025\/01\/469856936_876779701284681_265170771523619315_n-768x576.jpg 768w\" sizes=\"(max-width: 960px) 100vw, 960px\" \/><button\n\t\t\tclass=\"lightbox-trigger\"\n\t\t\ttype=\"button\"\n\t\t\taria-haspopup=\"dialog\"\n\t\t\taria-label=\"Enlarge\"\n\t\t\tdata-wp-init=\"callbacks.initTriggerButton\"\n\t\t\tdata-wp-on--click=\"actions.showLightbox\"\n\t\t\tdata-wp-style--right=\"state.imageButtonRight\"\n\t\t\tdata-wp-style--top=\"state.imageButtonTop\"\n\t\t>\n\t\t\t<svg xmlns=\"http:\/\/www.w3.org\/2000\/svg\" width=\"12\" height=\"12\" fill=\"none\" viewBox=\"0 0 12 12\">\n\t\t\t\t<path fill=\"#fff\" d=\"M2 0a2 2 0 0 0-2 2v2h1.5V2a.5.5 0 0 1 .5-.5h2V0H2Zm2 10.5H2a.5.5 0 0 1-.5-.5V8H0v2a2 2 0 0 0 2 2h2v-1.5ZM8 12v-1.5h2a.5.5 0 0 0 .5-.5V8H12v2a2 2 0 0 1-2 2H8Zm2-12a2 2 0 0 1 2 2v2h-1.5V2a.5.5 0 0 0-.5-.5H8V0h2Z\" \/>\n\t\t\t<\/svg>\n\t\t<\/button><\/figure>\n<\/figure>\n","protected":false},"excerpt":{"rendered":"<p>Confira a seguir as associa\u00e7\u00f5es de R\u00e1dio Taiss\u00f4, locais e hor\u00e1rios: Associa\u00e7\u00e3o Local Hor\u00e1rio LIBERDADE PRA\u00c7A DA LIBERDADE 6:20\/7:00 ITAQUERA RUA KEN SUGAYA,363 7:00\/8:00 VILA MORAES AV. DO CURSINO 3331 6:30\/7:10 VILA CARR\u00c3O PRA\u00c7A HAROLDO DALTRO 6:30\/7:00 ACLIMA\u00c7\u00c3O PARQUE DA ACLIMA\u00c7\u00c3O 6:30\/7:00 TR\u00caS COROAS RUA JAPARAIQUARA, 696 8:00\/8:30 SA\u00daDE BUNKYO 1 RUA PIERRE CURIE 286 7:30\/8:00 SA\u00daDE BUNKYO 2 PRA\u00c7A FLAVIO XAVIER DE TOLEDO 7:15\/7:40 MOGI DAS CRUZES AV. JARDELINA LOPES ALMEIDA 907 8:00\/8:50 CONJUNTO SA\u00daDE RUA FIA\u00c7\u00c3O DA SA\u00daDE 194 8:00\/9:00 CONCEI\u00c7\u00c3O PRA\u00c7A HATIRO MIYAZAKI 7:30\/8:00 VILA NOVA CACHOEIRINHA RUA JO\u00c3O MARCELINO BRANCO, 93 6:00\/6:40 JARDIM TREMEMB\u00c9 SUPERMERCADOS OURINHOS 6:15\/7:00 PRA\u00c7A DA ARVORE P\u00c7A. PROF. AM\u00c9RICO PORTUGAL GOUVEIA 7:00\/7:30 PRESIDENTE VENCESLAU RUA ALMIRANTE BARROSO,21 AREA-S.P. 6:30\/7:00 REGISTRO RUA NAKATSU GAWA,165 S.P. 6:00\/6:30 CIDADE PATRIARCA RUA TRAPICHE, 182 7:00\/8:00 VILA MATILDE RUA ANTONIO JUVENAL, 441 7:00\/8:00 PARQUE TRIANON AV. PAULISTA \u2013PARQUE TRIANON 7:00\/7:30 BOSQUE MAIA &#8211; GUARULHOS AV. PAULO FACCINI, S\/N 9:00\/9:21 VILA PRUDENTE AV. FRANCISCO FALCONI, S\/N 7:00\/7:30 S\u00c3O JUDAS PRA\u00c7A WHITAKER PENTEADO 7:00\/8:00 PRA\u00c7A ROTARY RUA GAL. JARDIM 450 7:30\/8:00 VILA DAS MERC\u00caS RUA N. S. DAS MERC\u00caS, 1848 7:15\/7:45 PRA\u00c7A DA REP\u00daBLICA PRA\u00c7A DA REP\u00daBLICA 7:30\/8:00 CRAVEIRO LOPES VIADUTO JACARE\u00cd , 100 8:30\/9:00 VISCONDE DO RIO BRANCO RUA MATILDE CAMPOS, 88 7:00\/8:00 NIPPON COUNTRY CLUB NIPPON COUNTRY CLUB \u2013 TODO DOMINGO 9:00\/10:00 PRA\u00c7A DO BR\u00c1S RUA PIRATININGA, 365 8:00\/9:00 CASA VERDE ASSOCIA\u00c7\u00c3O OKINAWA DA CASA VERDE 6:15\/7:15 SA\u00daDE HIROTA RUA DAS ROSAS, 86- SHIMANE KENJIN 8:00\/9:00 CAMPO LIMPO ZONA NORTE RUA SIM\u00c3O DE ABREU, 63 7:00\/8:00 LAGO DOS PATOS\/GUARULHOS RUA NOSSA SENHORA DE LOURDES, 840 7:00\/7:21 MARTINOPOLIS R. MARTINS FIGUEIRA,426 &#8211; S.P 6:30\/7:00 ALTO TIET\u00ca \u2013 MOGI RUA PADRE EUST\u00c1QUIO, 115 7:20\/8:00 CIDADE MORENA &#8211; M.S. PQ. BELMAR FIDALGO \u2013 C. GRANDE M.S. 7:00\/7:30 JABAQUARA RUA DAS NHANDIROBAS, 388 7:00\/8:30 SANTA MONICA CEI STA.MONICA \u2013 RUA STA.ALBINA S\/N 6:30\/7:30 QUINTAS DO MORUMBI RUA FRANCISCO PRETO, 46 \u2013 V. MORSE 8:30\/9:30 PIAZZA D\u00b4SPAGNA RUA DR. LUIZ ROCHA MIRANDA, 528 8:30\/9:00 Acesse Aqui a Lista das Associa\u00e7\u00f5es Filiadas, em formato PDF.<\/p>\n","protected":false},"author":1,"featured_media":0,"parent":0,"menu_order":0,"comment_status":"closed","ping_status":"closed","template":"","meta":{"footnotes":""},"class_list":["post-67","page","type-page","status-publish","hentry"],"yoast_head":"<!-- This site is optimized with the Yoast SEO plugin v27.1.1 - https:\/\/yoast.com\/product\/yoast-seo-wordpress\/ -->\n<title>Associa\u00e7\u00f5es - Federa\u00e7\u00e3o de R\u00e1dio Taiss\u00f4 do Brasil<\/title>\n<meta name=\"robots\" content=\"index, follow, max-snippet:-1, max-image-preview:large, max-video-preview:-1\" \/>\n<link rel=\"canonical\" href=\"https:\/\/radiotaisso.com.br\/play\/index.php\/associacoes\/\" \/>\n<meta property=\"og:locale\" content=\"en_US\" \/>\n<meta property=\"og:type\" content=\"article\" \/>\n<meta property=\"og:title\" content=\"Associa\u00e7\u00f5es - Federa\u00e7\u00e3o de R\u00e1dio Taiss\u00f4 do Brasil\" \/>\n<meta property=\"og:description\" content=\"Confira a seguir as associa\u00e7\u00f5es de R\u00e1dio Taiss\u00f4, locais e hor\u00e1rios: Associa\u00e7\u00e3o Local Hor\u00e1rio LIBERDADE PRA\u00c7A DA LIBERDADE 6:20\/7:00 ITAQUERA RUA KEN SUGAYA,363 7:00\/8:00 VILA MORAES AV. DO CURSINO 3331 6:30\/7:10 VILA CARR\u00c3O PRA\u00c7A HAROLDO DALTRO 6:30\/7:00 ACLIMA\u00c7\u00c3O PARQUE DA ACLIMA\u00c7\u00c3O 6:30\/7:00 TR\u00caS COROAS RUA JAPARAIQUARA, 696 8:00\/8:30 SA\u00daDE BUNKYO 1 RUA PIERRE CURIE 286 7:30\/8:00 SA\u00daDE BUNKYO 2 PRA\u00c7A FLAVIO XAVIER DE TOLEDO 7:15\/7:40 MOGI DAS CRUZES AV. JARDELINA LOPES ALMEIDA 907 8:00\/8:50 CONJUNTO SA\u00daDE RUA FIA\u00c7\u00c3O DA SA\u00daDE 194 8:00\/9:00 CONCEI\u00c7\u00c3O PRA\u00c7A HATIRO MIYAZAKI 7:30\/8:00 VILA NOVA CACHOEIRINHA RUA JO\u00c3O MARCELINO BRANCO, 93 6:00\/6:40 JARDIM TREMEMB\u00c9 SUPERMERCADOS OURINHOS 6:15\/7:00 PRA\u00c7A DA ARVORE P\u00c7A. PROF. AM\u00c9RICO PORTUGAL GOUVEIA 7:00\/7:30 PRESIDENTE VENCESLAU RUA ALMIRANTE BARROSO,21 AREA-S.P. 6:30\/7:00 REGISTRO RUA NAKATSU GAWA,165 S.P. 6:00\/6:30 CIDADE PATRIARCA RUA TRAPICHE, 182 7:00\/8:00 VILA MATILDE RUA ANTONIO JUVENAL, 441 7:00\/8:00 PARQUE TRIANON AV. PAULISTA \u2013PARQUE TRIANON 7:00\/7:30 BOSQUE MAIA &#8211; GUARULHOS AV. PAULO FACCINI, S\/N 9:00\/9:21 VILA PRUDENTE AV. FRANCISCO FALCONI, S\/N 7:00\/7:30 S\u00c3O JUDAS PRA\u00c7A WHITAKER PENTEADO 7:00\/8:00 PRA\u00c7A ROTARY RUA GAL. JARDIM 450 7:30\/8:00 VILA DAS MERC\u00caS RUA N. S. DAS MERC\u00caS, 1848 7:15\/7:45 PRA\u00c7A DA REP\u00daBLICA PRA\u00c7A DA REP\u00daBLICA 7:30\/8:00 CRAVEIRO LOPES VIADUTO JACARE\u00cd , 100 8:30\/9:00 VISCONDE DO RIO BRANCO RUA MATILDE CAMPOS, 88 7:00\/8:00 NIPPON COUNTRY CLUB NIPPON COUNTRY CLUB \u2013 TODO DOMINGO 9:00\/10:00 PRA\u00c7A DO BR\u00c1S RUA PIRATININGA, 365 8:00\/9:00 CASA VERDE ASSOCIA\u00c7\u00c3O OKINAWA DA CASA VERDE 6:15\/7:15 SA\u00daDE HIROTA RUA DAS ROSAS, 86- SHIMANE KENJIN 8:00\/9:00 CAMPO LIMPO ZONA NORTE RUA SIM\u00c3O DE ABREU, 63 7:00\/8:00 LAGO DOS PATOS\/GUARULHOS RUA NOSSA SENHORA DE LOURDES, 840 7:00\/7:21 MARTINOPOLIS R. MARTINS FIGUEIRA,426 &#8211; S.P 6:30\/7:00 ALTO TIET\u00ca \u2013 MOGI RUA PADRE EUST\u00c1QUIO, 115 7:20\/8:00 CIDADE MORENA &#8211; M.S. PQ. BELMAR FIDALGO \u2013 C. GRANDE M.S. 7:00\/7:30 JABAQUARA RUA DAS NHANDIROBAS, 388 7:00\/8:30 SANTA MONICA CEI STA.MONICA \u2013 RUA STA.ALBINA S\/N 6:30\/7:30 QUINTAS DO MORUMBI RUA FRANCISCO PRETO, 46 \u2013 V. MORSE 8:30\/9:30 PIAZZA D\u00b4SPAGNA RUA DR. LUIZ ROCHA MIRANDA, 528 8:30\/9:00 Acesse Aqui a Lista das Associa\u00e7\u00f5es Filiadas, em formato PDF.\" \/>\n<meta property=\"og:url\" content=\"https:\/\/radiotaisso.com.br\/play\/index.php\/associacoes\/\" \/>\n<meta property=\"og:site_name\" content=\"Federa\u00e7\u00e3o de R\u00e1dio Taiss\u00f4 do Brasil\" \/>\n<meta property=\"article:publisher\" content=\"https:\/\/www.facebook.com\/RadioTaissodoBrasil\" \/>\n<meta property=\"article:modified_time\" content=\"2025-01-09T14:34:55+00:00\" \/>\n<meta property=\"og:image\" content=\"https:\/\/radiotaisso.com.br\/play\/wp-content\/uploads\/2025\/01\/469797394_876779774618007_6317275539392953758_n.jpg\" \/>\n<meta name=\"twitter:card\" content=\"summary_large_image\" \/>\n<meta name=\"twitter:label1\" content=\"Est. reading time\" \/>\n\t<meta name=\"twitter:data1\" content=\"1 minute\" \/>\n<script type=\"application\/ld+json\" class=\"yoast-schema-graph\">{\"@context\":\"https:\/\/schema.org\",\"@graph\":[{\"@type\":\"WebPage\",\"@id\":\"https:\/\/radiotaisso.com.br\/play\/index.php\/associacoes\/\",\"url\":\"https:\/\/radiotaisso.com.br\/play\/index.php\/associacoes\/\",\"name\":\"Associa\u00e7\u00f5es - Federa\u00e7\u00e3o de R\u00e1dio Taiss\u00f4 do Brasil\",\"isPartOf\":{\"@id\":\"https:\/\/radiotaisso.com.br\/play\/#website\"},\"primaryImageOfPage\":{\"@id\":\"https:\/\/radiotaisso.com.br\/play\/index.php\/associacoes\/#primaryimage\"},\"image\":{\"@id\":\"https:\/\/radiotaisso.com.br\/play\/index.php\/associacoes\/#primaryimage\"},\"thumbnailUrl\":\"https:\/\/radiotaisso.com.br\/play\/wp-content\/uploads\/2025\/01\/469797394_876779774618007_6317275539392953758_n.jpg\",\"datePublished\":\"2025-01-02T22:03:26+00:00\",\"dateModified\":\"2025-01-09T14:34:55+00:00\",\"breadcrumb\":{\"@id\":\"https:\/\/radiotaisso.com.br\/play\/index.php\/associacoes\/#breadcrumb\"},\"inLanguage\":\"en-US\",\"potentialAction\":[{\"@type\":\"ReadAction\",\"target\":[\"https:\/\/radiotaisso.com.br\/play\/index.php\/associacoes\/\"]}]},{\"@type\":\"ImageObject\",\"inLanguage\":\"en-US\",\"@id\":\"https:\/\/radiotaisso.com.br\/play\/index.php\/associacoes\/#primaryimage\",\"url\":\"https:\/\/radiotaisso.com.br\/play\/wp-content\/uploads\/2025\/01\/469797394_876779774618007_6317275539392953758_n.jpg\",\"contentUrl\":\"https:\/\/radiotaisso.com.br\/play\/wp-content\/uploads\/2025\/01\/469797394_876779774618007_6317275539392953758_n.jpg\",\"width\":960,\"height\":720},{\"@type\":\"BreadcrumbList\",\"@id\":\"https:\/\/radiotaisso.com.br\/play\/index.php\/associacoes\/#breadcrumb\",\"itemListElement\":[{\"@type\":\"ListItem\",\"position\":1,\"name\":\"In\u00edcio\",\"item\":\"https:\/\/radiotaisso.com.br\/play\/\"},{\"@type\":\"ListItem\",\"position\":2,\"name\":\"Associa\u00e7\u00f5es\"}]},{\"@type\":\"WebSite\",\"@id\":\"https:\/\/radiotaisso.com.br\/play\/#website\",\"url\":\"https:\/\/radiotaisso.com.br\/play\/\",\"name\":\"Federa\u00e7\u00e3o de R\u00e1dio Taiss\u00f4 do Brasil\",\"description\":\"Federa\u00e7\u00e3o de R\u00e1dio Taiss\u00f4 do Brasil \",\"publisher\":{\"@id\":\"https:\/\/radiotaisso.com.br\/play\/#organization\"},\"potentialAction\":[{\"@type\":\"SearchAction\",\"target\":{\"@type\":\"EntryPoint\",\"urlTemplate\":\"https:\/\/radiotaisso.com.br\/play\/?s={search_term_string}\"},\"query-input\":{\"@type\":\"PropertyValueSpecification\",\"valueRequired\":true,\"valueName\":\"search_term_string\"}}],\"inLanguage\":\"en-US\"},{\"@type\":\"Organization\",\"@id\":\"https:\/\/radiotaisso.com.br\/play\/#organization\",\"name\":\"FERTBRA\",\"url\":\"https:\/\/radiotaisso.com.br\/play\/\",\"logo\":{\"@type\":\"ImageObject\",\"inLanguage\":\"en-US\",\"@id\":\"https:\/\/radiotaisso.com.br\/play\/#\/schema\/logo\/image\/\",\"url\":\"https:\/\/radiotaisso.com.br\/play\/wp-content\/uploads\/2025\/01\/logo_taisso2.png\",\"contentUrl\":\"https:\/\/radiotaisso.com.br\/play\/wp-content\/uploads\/2025\/01\/logo_taisso2.png\",\"width\":483,\"height\":397,\"caption\":\"FERTBRA\"},\"image\":{\"@id\":\"https:\/\/radiotaisso.com.br\/play\/#\/schema\/logo\/image\/\"},\"sameAs\":[\"https:\/\/www.facebook.com\/RadioTaissodoBrasil\",\"https:\/\/www.instagram.com\/federacaoderadiotaissodobrasil\",\"https:\/\/www.youtube.com\/@FederacaoRadioTaissodoBrasil\"]}]}<\/script>\n<!-- \/ Yoast SEO plugin. -->","yoast_head_json":{"title":"Associa\u00e7\u00f5es - Federa\u00e7\u00e3o de R\u00e1dio Taiss\u00f4 do Brasil","robots":{"index":"index","follow":"follow","max-snippet":"max-snippet:-1","max-image-preview":"max-image-preview:large","max-video-preview":"max-video-preview:-1"},"canonical":"https:\/\/radiotaisso.com.br\/play\/index.php\/associacoes\/","og_locale":"en_US","og_type":"article","og_title":"Associa\u00e7\u00f5es - Federa\u00e7\u00e3o de R\u00e1dio Taiss\u00f4 do Brasil","og_description":"Confira a seguir as associa\u00e7\u00f5es de R\u00e1dio Taiss\u00f4, locais e hor\u00e1rios: Associa\u00e7\u00e3o Local Hor\u00e1rio LIBERDADE PRA\u00c7A DA LIBERDADE 6:20\/7:00 ITAQUERA RUA KEN SUGAYA,363 7:00\/8:00 VILA MORAES AV. DO CURSINO 3331 6:30\/7:10 VILA CARR\u00c3O PRA\u00c7A HAROLDO DALTRO 6:30\/7:00 ACLIMA\u00c7\u00c3O PARQUE DA ACLIMA\u00c7\u00c3O 6:30\/7:00 TR\u00caS COROAS RUA JAPARAIQUARA, 696 8:00\/8:30 SA\u00daDE BUNKYO 1 RUA PIERRE CURIE 286 7:30\/8:00 SA\u00daDE BUNKYO 2 PRA\u00c7A FLAVIO XAVIER DE TOLEDO 7:15\/7:40 MOGI DAS CRUZES AV. JARDELINA LOPES ALMEIDA 907 8:00\/8:50 CONJUNTO SA\u00daDE RUA FIA\u00c7\u00c3O DA SA\u00daDE 194 8:00\/9:00 CONCEI\u00c7\u00c3O PRA\u00c7A HATIRO MIYAZAKI 7:30\/8:00 VILA NOVA CACHOEIRINHA RUA JO\u00c3O MARCELINO BRANCO, 93 6:00\/6:40 JARDIM TREMEMB\u00c9 SUPERMERCADOS OURINHOS 6:15\/7:00 PRA\u00c7A DA ARVORE P\u00c7A. PROF. AM\u00c9RICO PORTUGAL GOUVEIA 7:00\/7:30 PRESIDENTE VENCESLAU RUA ALMIRANTE BARROSO,21 AREA-S.P. 6:30\/7:00 REGISTRO RUA NAKATSU GAWA,165 S.P. 6:00\/6:30 CIDADE PATRIARCA RUA TRAPICHE, 182 7:00\/8:00 VILA MATILDE RUA ANTONIO JUVENAL, 441 7:00\/8:00 PARQUE TRIANON AV. PAULISTA \u2013PARQUE TRIANON 7:00\/7:30 BOSQUE MAIA &#8211; GUARULHOS AV. PAULO FACCINI, S\/N 9:00\/9:21 VILA PRUDENTE AV. FRANCISCO FALCONI, S\/N 7:00\/7:30 S\u00c3O JUDAS PRA\u00c7A WHITAKER PENTEADO 7:00\/8:00 PRA\u00c7A ROTARY RUA GAL. JARDIM 450 7:30\/8:00 VILA DAS MERC\u00caS RUA N. S. DAS MERC\u00caS, 1848 7:15\/7:45 PRA\u00c7A DA REP\u00daBLICA PRA\u00c7A DA REP\u00daBLICA 7:30\/8:00 CRAVEIRO LOPES VIADUTO JACARE\u00cd , 100 8:30\/9:00 VISCONDE DO RIO BRANCO RUA MATILDE CAMPOS, 88 7:00\/8:00 NIPPON COUNTRY CLUB NIPPON COUNTRY CLUB \u2013 TODO DOMINGO 9:00\/10:00 PRA\u00c7A DO BR\u00c1S RUA PIRATININGA, 365 8:00\/9:00 CASA VERDE ASSOCIA\u00c7\u00c3O OKINAWA DA CASA VERDE 6:15\/7:15 SA\u00daDE HIROTA RUA DAS ROSAS, 86- SHIMANE KENJIN 8:00\/9:00 CAMPO LIMPO ZONA NORTE RUA SIM\u00c3O DE ABREU, 63 7:00\/8:00 LAGO DOS PATOS\/GUARULHOS RUA NOSSA SENHORA DE LOURDES, 840 7:00\/7:21 MARTINOPOLIS R. MARTINS FIGUEIRA,426 &#8211; S.P 6:30\/7:00 ALTO TIET\u00ca \u2013 MOGI RUA PADRE EUST\u00c1QUIO, 115 7:20\/8:00 CIDADE MORENA &#8211; M.S. PQ. BELMAR FIDALGO \u2013 C. GRANDE M.S. 7:00\/7:30 JABAQUARA RUA DAS NHANDIROBAS, 388 7:00\/8:30 SANTA MONICA CEI STA.MONICA \u2013 RUA STA.ALBINA S\/N 6:30\/7:30 QUINTAS DO MORUMBI RUA FRANCISCO PRETO, 46 \u2013 V. MORSE 8:30\/9:30 PIAZZA D\u00b4SPAGNA RUA DR. LUIZ ROCHA MIRANDA, 528 8:30\/9:00 Acesse Aqui a Lista das Associa\u00e7\u00f5es Filiadas, em formato PDF.","og_url":"https:\/\/radiotaisso.com.br\/play\/index.php\/associacoes\/","og_site_name":"Federa\u00e7\u00e3o de R\u00e1dio Taiss\u00f4 do Brasil","article_publisher":"https:\/\/www.facebook.com\/RadioTaissodoBrasil","article_modified_time":"2025-01-09T14:34:55+00:00","og_image":[{"url":"https:\/\/radiotaisso.com.br\/play\/wp-content\/uploads\/2025\/01\/469797394_876779774618007_6317275539392953758_n.jpg","type":"","width":"","height":""}],"twitter_card":"summary_large_image","twitter_misc":{"Est. reading time":"1 minute"},"schema":{"@context":"https:\/\/schema.org","@graph":[{"@type":"WebPage","@id":"https:\/\/radiotaisso.com.br\/play\/index.php\/associacoes\/","url":"https:\/\/radiotaisso.com.br\/play\/index.php\/associacoes\/","name":"Associa\u00e7\u00f5es - Federa\u00e7\u00e3o de R\u00e1dio Taiss\u00f4 do Brasil","isPartOf":{"@id":"https:\/\/radiotaisso.com.br\/play\/#website"},"primaryImageOfPage":{"@id":"https:\/\/radiotaisso.com.br\/play\/index.php\/associacoes\/#primaryimage"},"image":{"@id":"https:\/\/radiotaisso.com.br\/play\/index.php\/associacoes\/#primaryimage"},"thumbnailUrl":"https:\/\/radiotaisso.com.br\/play\/wp-content\/uploads\/2025\/01\/469797394_876779774618007_6317275539392953758_n.jpg","datePublished":"2025-01-02T22:03:26+00:00","dateModified":"2025-01-09T14:34:55+00:00","breadcrumb":{"@id":"https:\/\/radiotaisso.com.br\/play\/index.php\/associacoes\/#breadcrumb"},"inLanguage":"en-US","potentialAction":[{"@type":"ReadAction","target":["https:\/\/radiotaisso.com.br\/play\/index.php\/associacoes\/"]}]},{"@type":"ImageObject","inLanguage":"en-US","@id":"https:\/\/radiotaisso.com.br\/play\/index.php\/associacoes\/#primaryimage","url":"https:\/\/radiotaisso.com.br\/play\/wp-content\/uploads\/2025\/01\/469797394_876779774618007_6317275539392953758_n.jpg","contentUrl":"https:\/\/radiotaisso.com.br\/play\/wp-content\/uploads\/2025\/01\/469797394_876779774618007_6317275539392953758_n.jpg","width":960,"height":720},{"@type":"BreadcrumbList","@id":"https:\/\/radiotaisso.com.br\/play\/index.php\/associacoes\/#breadcrumb","itemListElement":[{"@type":"ListItem","position":1,"name":"In\u00edcio","item":"https:\/\/radiotaisso.com.br\/play\/"},{"@type":"ListItem","position":2,"name":"Associa\u00e7\u00f5es"}]},{"@type":"WebSite","@id":"https:\/\/radiotaisso.com.br\/play\/#website","url":"https:\/\/radiotaisso.com.br\/play\/","name":"Federa\u00e7\u00e3o de R\u00e1dio Taiss\u00f4 do Brasil","description":"Federa\u00e7\u00e3o de R\u00e1dio Taiss\u00f4 do Brasil ","publisher":{"@id":"https:\/\/radiotaisso.com.br\/play\/#organization"},"potentialAction":[{"@type":"SearchAction","target":{"@type":"EntryPoint","urlTemplate":"https:\/\/radiotaisso.com.br\/play\/?s={search_term_string}"},"query-input":{"@type":"PropertyValueSpecification","valueRequired":true,"valueName":"search_term_string"}}],"inLanguage":"en-US"},{"@type":"Organization","@id":"https:\/\/radiotaisso.com.br\/play\/#organization","name":"FERTBRA","url":"https:\/\/radiotaisso.com.br\/play\/","logo":{"@type":"ImageObject","inLanguage":"en-US","@id":"https:\/\/radiotaisso.com.br\/play\/#\/schema\/logo\/image\/","url":"https:\/\/radiotaisso.com.br\/play\/wp-content\/uploads\/2025\/01\/logo_taisso2.png","contentUrl":"https:\/\/radiotaisso.com.br\/play\/wp-content\/uploads\/2025\/01\/logo_taisso2.png","width":483,"height":397,"caption":"FERTBRA"},"image":{"@id":"https:\/\/radiotaisso.com.br\/play\/#\/schema\/logo\/image\/"},"sameAs":["https:\/\/www.facebook.com\/RadioTaissodoBrasil","https:\/\/www.instagram.com\/federacaoderadiotaissodobrasil","https:\/\/www.youtube.com\/@FederacaoRadioTaissodoBrasil"]}]}},"_links":{"self":[{"href":"https:\/\/radiotaisso.com.br\/play\/index.php\/wp-json\/wp\/v2\/pages\/67","targetHints":{"allow":["GET"]}}],"collection":[{"href":"https:\/\/radiotaisso.com.br\/play\/index.php\/wp-json\/wp\/v2\/pages"}],"about":[{"href":"https:\/\/radiotaisso.com.br\/play\/index.php\/wp-json\/wp\/v2\/types\/page"}],"author":[{"embeddable":true,"href":"https:\/\/radiotaisso.com.br\/play\/index.php\/wp-json\/wp\/v2\/users\/1"}],"replies":[{"embeddable":true,"href":"https:\/\/radiotaisso.com.br\/play\/index.php\/wp-json\/wp\/v2\/comments?post=67"}],"version-history":[{"count":15,"href":"https:\/\/radiotaisso.com.br\/play\/index.php\/wp-json\/wp\/v2\/pages\/67\/revisions"}],"predecessor-version":[{"id":953,"href":"https:\/\/radiotaisso.com.br\/play\/index.php\/wp-json\/wp\/v2\/pages\/67\/revisions\/953"}],"wp:attachment":[{"href":"https:\/\/radiotaisso.com.br\/play\/index.php\/wp-json\/wp\/v2\/media?parent=67"}],"curies":[{"name":"wp","href":"https:\/\/api.w.org\/{rel}","templated":true}]}}